{"id":396,"date":"2025-08-25T17:03:11","date_gmt":"2025-08-25T15:03:11","guid":{"rendered":"https:\/\/musabar.pl\/?page_id=396"},"modified":"2025-10-20T14:47:31","modified_gmt":"2025-10-20T12:47:31","slug":"o-nas","status":"publish","type":"page","link":"https:\/\/musabar.pl\/pl\/o-nas\/","title":{"rendered":"O nas"},"content":{"rendered":"\t\t<div data-elementor-type=\"wp-page\" data-elementor-id=\"396\" class=\"elementor elementor-396 elementor-103\" data-elementor-post-type=\"page\">\n\t\t\t\t<div class=\"elementor-element elementor-element-f1c52f6 e-flex e-con-boxed e-con e-parent\" data-id=\"f1c52f6\" data-element_type=\"container\" data-settings=\"{&quot;background_background&quot;:&quot;classic&quot;}\">\n\t\t\t\t\t<div class=\"e-con-inner\">\n\t\t<div class=\"elementor-element elementor-element-d1de5e6 e-flex e-con-boxed e-con e-child\" data-id=\"d1de5e6\" data-element_type=\"container\">\n\t\t\t\t\t<div class=\"e-con-inner\">\n\t\t\t\t<div class=\"elementor-element elementor-element-c88f81d elementor-widget__width-initial elementor-widget-tablet__width-inherit elementor-widget-mobile__width-initial elementor-widget elementor-widget-heading\" data-id=\"c88f81d\" data-element_type=\"widget\" data-widget_type=\"heading.default\">\n\t\t\t\t\t<h2 class=\"elementor-heading-title elementor-size-default\">Intryguj\u0105cy, ciep\u0142y i zawsze pe\u0142ny serca \u2014 taki jest Musa Bar.<\/h2>\t\t\t\t<\/div>\n\t\t\t\t<div class=\"elementor-element elementor-element-8255093 elementor-widget__width-initial elementor-widget elementor-widget-text-editor\" data-id=\"8255093\" data-element_type=\"widget\" data-widget_type=\"text-editor.default\">\n\t\t\t\t\t\t\t\t\t<p>Wierzymy w jedzenie, kt\u00f3re potrafi zaskoczy\u0107 i jednocze\u015bnie da\u0107 uczucie komfortu. W wina, kt\u00f3re s\u0105 szczere, pe\u0142ne wyrazu i opowiadaj\u0105 swoj\u0105 histori\u0119.<br \/>Przede wszystkim jeste\u015bmy tu po to, by przyjmowa\u0107 Was z ciep\u0142em i tworzy\u0107 wspomnienia razem.<\/p><p>Musa powsta\u0142a jako po\u0142\u0105czenie pasji Luigi\u2019ego i Dagmary, inspirowana ich do\u015bwiadczeniami i siln\u0105 wi\u0119zi\u0105 z Wielk\u0105 Brytani\u0105.\u00a0<span style=\"letter-spacing: 0.6px;\">Chcieli stworzy\u0107 miejsce, kt\u00f3re \u0142\u0105czy ludzi, przywodzi wspomnienia, intryguje \u2014 smakami, lodami w duecie z winem i zaskakuje swoim ciep\u0142em i prawdziwym poczuciem wsp\u00f3lnoty.<\/span><\/p><p>Musa Bar to ludzie i relacje.\u00a0<span style=\"letter-spacing: 0.6px;\">Zawsze powita Was ta sama, serdeczna ekipa i znajome twarze sta\u0142ych bywalc\u00f3w, kt\u00f3rzy wracaj\u0105 tu, bo czuj\u0105 si\u0119 jak w domu.<\/span><\/p>\t\t\t\t\t\t\t\t<\/div>\n\t\t\t\t<div class=\"elementor-element elementor-element-29111cc elementor-widget__width-inherit elementor-widget-tablet__width-inherit elementor-widget-mobile__width-initial elementor-widget elementor-widget-heading\" data-id=\"29111cc\" data-element_type=\"widget\" data-widget_type=\"heading.default\">\n\t\t\t\t\t<h2 class=\"elementor-heading-title elementor-size-default\">Klimat, ciekawo\u015b\u0107 i kieliszek, kt\u00f3ry do nich pasuje.<\/h2>\t\t\t\t<\/div>\n\t\t\t\t\t<\/div>\n\t\t\t\t<\/div>\n\t\t\t\t\t<\/div>\n\t\t\t\t<\/div>\n\t\t<div class=\"elementor-element elementor-element-0197b7c e-flex e-con-boxed e-con e-parent\" data-id=\"0197b7c\" data-element_type=\"container\">\n\t\t\t\t\t<div class=\"e-con-inner\">\n\t\t<div class=\"elementor-element elementor-element-d186743 e-con-full e-flex e-con e-child\" data-id=\"d186743\" data-element_type=\"container\">\n\t\t\t\t<div class=\"elementor-element elementor-element-80f6aaa elementor-widget-tablet__width-inherit elementor-position-top elementor-widget elementor-widget-image-box\" data-id=\"80f6aaa\" data-element_type=\"widget\" data-widget_type=\"image-box.default\">\n\t\t\t\t\t<div class=\"elementor-image-box-wrapper\"><figure class=\"elementor-image-box-img\"><img fetchpriority=\"high\" decoding=\"async\" width=\"1207\" height=\"1814\" src=\"https:\/\/musabar.pl\/wp-content\/uploads\/2025\/10\/musa-about-me-3.jpg\" class=\"attachment-full size-full wp-image-883\" alt=\"\" srcset=\"https:\/\/musabar.pl\/wp-content\/uploads\/2025\/10\/musa-about-me-3.jpg 1207w, https:\/\/musabar.pl\/wp-content\/uploads\/2025\/10\/musa-about-me-3-200x300.jpg 200w, https:\/\/musabar.pl\/wp-content\/uploads\/2025\/10\/musa-about-me-3-681x1024.jpg 681w, https:\/\/musabar.pl\/wp-content\/uploads\/2025\/10\/musa-about-me-3-768x1154.jpg 768w, https:\/\/musabar.pl\/wp-content\/uploads\/2025\/10\/musa-about-me-3-1022x1536.jpg 1022w\" sizes=\"(max-width: 1207px) 100vw, 1207px\" \/><\/figure><\/div>\t\t\t\t<\/div>\n\t\t\t\t<\/div>\n\t\t<div class=\"elementor-element elementor-element-82fa59a e-con-full e-flex e-con e-child\" data-id=\"82fa59a\" data-element_type=\"container\">\n\t\t\t\t<div class=\"elementor-element elementor-element-efa29fd elementor-widget-tablet__width-inherit elementor-position-top elementor-widget elementor-widget-image-box\" data-id=\"efa29fd\" data-element_type=\"widget\" data-widget_type=\"image-box.default\">\n\t\t\t\t\t<div class=\"elementor-image-box-wrapper\"><figure class=\"elementor-image-box-img\"><img decoding=\"async\" width=\"1207\" height=\"1814\" src=\"https:\/\/musabar.pl\/wp-content\/uploads\/2025\/10\/musa-about-me-4.jpg\" class=\"attachment-full size-full wp-image-885\" alt=\"\" srcset=\"https:\/\/musabar.pl\/wp-content\/uploads\/2025\/10\/musa-about-me-4.jpg 1207w, https:\/\/musabar.pl\/wp-content\/uploads\/2025\/10\/musa-about-me-4-200x300.jpg 200w, https:\/\/musabar.pl\/wp-content\/uploads\/2025\/10\/musa-about-me-4-681x1024.jpg 681w, https:\/\/musabar.pl\/wp-content\/uploads\/2025\/10\/musa-about-me-4-768x1154.jpg 768w, https:\/\/musabar.pl\/wp-content\/uploads\/2025\/10\/musa-about-me-4-1022x1536.jpg 1022w\" sizes=\"(max-width: 1207px) 100vw, 1207px\" \/><\/figure><\/div>\t\t\t\t<\/div>\n\t\t\t\t<\/div>\n\t\t<div class=\"elementor-element elementor-element-b1eb1bb e-con-full e-flex e-con e-child\" data-id=\"b1eb1bb\" data-element_type=\"container\">\n\t\t\t\t<div class=\"elementor-element elementor-element-56e5541 elementor-widget-tablet__width-inherit elementor-position-top elementor-widget elementor-widget-image-box\" data-id=\"56e5541\" data-element_type=\"widget\" data-widget_type=\"image-box.default\">\n\t\t\t\t\t<div class=\"elementor-image-box-wrapper\"><figure class=\"elementor-image-box-img\"><img decoding=\"async\" width=\"1207\" height=\"1814\" src=\"https:\/\/musabar.pl\/wp-content\/uploads\/2025\/10\/musa-about-me-2.jpg\" class=\"attachment-full size-full wp-image-881\" alt=\"\" srcset=\"https:\/\/musabar.pl\/wp-content\/uploads\/2025\/10\/musa-about-me-2.jpg 1207w, https:\/\/musabar.pl\/wp-content\/uploads\/2025\/10\/musa-about-me-2-200x300.jpg 200w, https:\/\/musabar.pl\/wp-content\/uploads\/2025\/10\/musa-about-me-2-681x1024.jpg 681w, https:\/\/musabar.pl\/wp-content\/uploads\/2025\/10\/musa-about-me-2-768x1154.jpg 768w, https:\/\/musabar.pl\/wp-content\/uploads\/2025\/10\/musa-about-me-2-1022x1536.jpg 1022w\" sizes=\"(max-width: 1207px) 100vw, 1207px\" \/><\/figure><\/div>\t\t\t\t<\/div>\n\t\t\t\t<\/div>\n\t\t<div class=\"elementor-element elementor-element-fcc28c3 e-con-full e-flex e-con e-child\" data-id=\"fcc28c3\" data-element_type=\"container\">\n\t\t\t\t<div class=\"elementor-element elementor-element-11f4917 elementor-widget-tablet__width-inherit elementor-position-top elementor-widget elementor-widget-image-box\" data-id=\"11f4917\" data-element_type=\"widget\" data-widget_type=\"image-box.default\">\n\t\t\t\t\t<div class=\"elementor-image-box-wrapper\"><figure class=\"elementor-image-box-img\"><img loading=\"lazy\" decoding=\"async\" width=\"1207\" height=\"1814\" src=\"https:\/\/musabar.pl\/wp-content\/uploads\/2025\/10\/musa-about-me.jpg\" class=\"attachment-full size-full wp-image-887\" alt=\"\" srcset=\"https:\/\/musabar.pl\/wp-content\/uploads\/2025\/10\/musa-about-me.jpg 1207w, https:\/\/musabar.pl\/wp-content\/uploads\/2025\/10\/musa-about-me-200x300.jpg 200w, https:\/\/musabar.pl\/wp-content\/uploads\/2025\/10\/musa-about-me-681x1024.jpg 681w, https:\/\/musabar.pl\/wp-content\/uploads\/2025\/10\/musa-about-me-768x1154.jpg 768w, https:\/\/musabar.pl\/wp-content\/uploads\/2025\/10\/musa-about-me-1022x1536.jpg 1022w\" sizes=\"(max-width: 1207px) 100vw, 1207px\" \/><\/figure><\/div>\t\t\t\t<\/div>\n\t\t\t\t<\/div>\n\t\t\t\t\t<\/div>\n\t\t\t\t<\/div>\n\t\t<div class=\"elementor-element elementor-element-ca17e23 e-flex e-con-boxed e-con e-parent\" data-id=\"ca17e23\" data-element_type=\"container\" data-settings=\"{&quot;background_background&quot;:&quot;classic&quot;}\">\n\t\t\t\t\t<div class=\"e-con-inner\">\n\t\t<div class=\"elementor-element elementor-element-ec1c35c e-flex e-con-boxed e-con e-child\" data-id=\"ec1c35c\" data-element_type=\"container\">\n\t\t\t\t\t<div class=\"e-con-inner\">\n\t\t\t\t<div class=\"elementor-element elementor-element-19df3a7 elementor-widget__width-initial elementor-widget elementor-widget-text-editor\" data-id=\"19df3a7\" data-element_type=\"widget\" data-widget_type=\"text-editor.default\">\n\t\t\t\t\t\t\t\t\t<p>This is who we are:<\/p>\t\t\t\t\t\t\t\t<\/div>\n\t\t\t\t\t<\/div>\n\t\t\t\t<\/div>\n\t\t\t\t\t<\/div>\n\t\t\t\t<\/div>\n\t\t<div class=\"elementor-element elementor-element-db429d4 e-con-full e-flex e-con e-parent\" data-id=\"db429d4\" data-element_type=\"container\">\n\t\t\t\t<div class=\"elementor-element elementor-element-3561231 elementor-widget elementor-widget-ucaddon_list_marquee\" data-id=\"3561231\" data-element_type=\"widget\" data-widget_type=\"ucaddon_list_marquee.default\">\n\t\t\t\t<div class=\"elementor-widget-container\">\n\t\t\t\t\t\n<!-- start List Marquee -->\n\t\t<link id='font-awesome-css' href='https:\/\/musabar.pl\/wp-content\/plugins\/unlimited-elements-for-elementor-premium\/assets_libraries\/font-awesome6\/fontawesome-all.min.css' type='text\/css' rel='stylesheet' >\n\t\t<link id='font-awesome-4-shim-css' href='https:\/\/musabar.pl\/wp-content\/plugins\/unlimited-elements-for-elementor-premium\/assets_libraries\/font-awesome6\/fontawesome-v4-shims.min.css' type='text\/css' rel='stylesheet' >\n\n<style>\/* widget: List Marquee *\/\n\n#uc_list_marquee_elementor_3561231 {\n  box-sizing: border-box;\n  display: flex;\n  align-items: center;\n  overflow: hidden;\n  direction:ltr;\n}\n\n#uc_list_marquee_elementor_3561231 .ue-marquee-content {\n  display: flex;\n  will-change: transform;\n  animation: marqueeuc_list_marquee_elementor_3561231 150s linear infinite running;\n  animation-delay: 250ms;\n  }\n\n#uc_list_marquee_elementor_3561231 .ue-marquee-content:hover {\n  animation-play-state: paused;\n}\n\n#uc_list_marquee_elementor_3561231 .ue-marquee-tag {\n  width: auto;\n  display: flex;\n  align-items: center;\n  justify-content: center;\n  transition: all 0.2s ease;\n  white-space: nowrap;\n  direction:ltr;\n}\n\n#uc_list_marquee_elementor_3561231 .ue-marquee-tag a {\n  display: flex;\n  align-items: center;\n  justify-content: center;\n  white-space: nowrap;\n  -webkit-text-stroke: 0px ;\n}\n#uc_list_marquee_elementor_3561231 .ue-marquee-graphic{\n  overflow:hidden;\n}\n#uc_list_marquee_elementor_3561231 .ue-marquee-tag-icon {\n  flex-grow: 0;   \n  flex-shrink: 0;\n  line-height:1em;\n}\n#uc_list_marquee_elementor_3561231 .ue-marquee-tag-image {\n  flex-grow: 0;   \n  flex-shrink: 0;\n  line-height:1em;\n}\n\n#uc_list_marquee_elementor_3561231 .ue_marq_text_wrap{\n  display:flex;\n  flex-direction: row;\n  align-items: center;\n  }\n\n@keyframes marqueeuc_list_marquee_elementor_3561231 {\n  0% {\n \t-webkit-transform: translateX(0);\n    transform: translateX(0);\n  }\n  100% {\n    -webkit-transform: translate(-50%);\n    transform: translate(-50%);\n  }\n}\n\n@keyframes marquee-reverseuc_list_marquee_elementor_3561231 {\n  0% {\n \t-webkit-transform: translateX(-50%);\n    transform: translateX(-50%);\n  }\n  100% {\n    -webkit-transform: translate(0%);\n    transform: translate(0%);\n  }\n}\n\n@keyframes marquee-upuc_list_marquee_elementor_3561231 {\n\tfrom {transform: translate(0, 25%)}\n\tto {transform: translate(0, -25%)}\n}\n\n@keyframes marquee-downuc_list_marquee_elementor_3561231 {\n\tfrom {transform: translate(0, -25%)}\n\tto {transform: translate(0, 25%)}\n}\n\n<\/style>\n\n<div class=\"ue-marquee \" id=\"uc_list_marquee_elementor_3561231\" >\n  <div class=\"ue-marquee-content uc-items-wrapper\">\n    <div class=\"ue-marquee-tag\">\n  <a  >\n            \n    <div class=\"ue_marq_text_wrap\">\n      Luigi & Dagmara Norelli - behind the concept\n          <\/div>\n    \n  <\/a>\n<\/div>\n<div class=\"ue-marquee-tag\">\n  <a  >\n            \n    <div class=\"ue_marq_text_wrap\">\n      Tadeusz Skutkiewicz - Head Chef\n          <\/div>\n    \n  <\/a>\n<\/div>\n<div class=\"ue-marquee-tag\">\n  <a href=\"#\" >\n            \n    <div class=\"ue_marq_text_wrap\">\n      Jan Wyrzykowski - behind the jerk chicken\n          <\/div>\n    \n  <\/a>\n<\/div>\n<div class=\"ue-marquee-tag\">\n  <a href=\"#\" >\n            \n    <div class=\"ue_marq_text_wrap\">\n      Ilia Derlymenko - serving the meat doughnuts\n          <\/div>\n    \n  <\/a>\n<\/div>\n<div class=\"ue-marquee-tag\">\n  <a href=\"#\" >\n            \n    <div class=\"ue_marq_text_wrap\">\n      Jan Koziolkiewicz - Head Sommelier\n          <\/div>\n    \n  <\/a>\n<\/div>\n<div class=\"ue-marquee-tag\">\n  <a href=\"#\" >\n            \n    <div class=\"ue_marq_text_wrap\">\n      Alex Pyrzanowski - finding your perfect table\n          <\/div>\n    \n  <\/a>\n<\/div>\n<div class=\"ue-marquee-tag\">\n  <a href=\"#\" >\n            \n    <div class=\"ue_marq_text_wrap\">\n      Wojtek Jamski - with classic Barolo\n          <\/div>\n    \n  <\/a>\n<\/div>\n<div class=\"ue-marquee-tag\">\n  <a href=\"#\" >\n            \n    <div class=\"ue_marq_text_wrap\">\n      Anita Tomaszewska behind our service\n          <\/div>\n    \n  <\/a>\n<\/div>\n\n  <\/div>\n<\/div>\n<!-- end List Marquee -->\t\t\t\t<\/div>\n\t\t\t\t<\/div>\n\t\t\t\t<\/div>\n\t\t<div class=\"elementor-element elementor-element-cdcc2e7 e-flex e-con-boxed e-con e-parent\" data-id=\"cdcc2e7\" data-element_type=\"container\">\n\t\t\t\t\t<div class=\"e-con-inner\">\n\t\t\t\t<div class=\"elementor-element elementor-element-a28cdd5 elementor-widget elementor-widget-image\" data-id=\"a28cdd5\" data-element_type=\"widget\" data-widget_type=\"image.default\">\n\t\t\t\t\t\t\t\t\t\t\t\t\t\t\t<img loading=\"lazy\" decoding=\"async\" width=\"1312\" height=\"984\" src=\"https:\/\/musabar.pl\/wp-content\/uploads\/2025\/09\/Slide-4_3-1.png\" class=\"attachment-full size-full wp-image-838\" alt=\"\" srcset=\"https:\/\/musabar.pl\/wp-content\/uploads\/2025\/09\/Slide-4_3-1.png 1312w, https:\/\/musabar.pl\/wp-content\/uploads\/2025\/09\/Slide-4_3-1-300x225.png 300w, https:\/\/musabar.pl\/wp-content\/uploads\/2025\/09\/Slide-4_3-1-1024x768.png 1024w, https:\/\/musabar.pl\/wp-content\/uploads\/2025\/09\/Slide-4_3-1-768x576.png 768w\" sizes=\"(max-width: 1312px) 100vw, 1312px\" \/>\t\t\t\t\t\t\t\t\t\t\t\t\t\t\t<\/div>\n\t\t\t\t\t<\/div>\n\t\t\t\t<\/div>\n\t\t\t\t<\/div>\n\t\t","protected":false},"excerpt":{"rendered":"<p>Intryguj\u0105cy, ciep\u0142y i zawsze pe\u0142ny serca \u2014 taki jest Musa Bar. Wierzymy w jedzenie, kt\u00f3re potrafi zaskoczy\u0107 i jednocze\u015bnie da\u0107 uczucie komfortu. W wina, kt\u00f3re s\u0105 szczere, pe\u0142ne wyrazu i opowiadaj\u0105 swoj\u0105 histori\u0119.Przede wszystkim jeste\u015bmy tu po to, by przyjmowa\u0107 Was z ciep\u0142em i tworzy\u0107 wspomnienia razem. Musa powsta\u0142a jako po\u0142\u0105czenie pasji Luigi\u2019ego i Dagmary, [&hellip;]<\/p>\n","protected":false},"author":2,"featured_media":0,"parent":0,"menu_order":0,"comment_status":"closed","ping_status":"closed","template":"elementor_header_footer","meta":{"footnotes":""},"class_list":["post-396","page","type-page","status-publish","hentry"],"_links":{"self":[{"href":"https:\/\/musabar.pl\/pl\/wp-json\/wp\/v2\/pages\/396","targetHints":{"allow":["GET"]}}],"collection":[{"href":"https:\/\/musabar.pl\/pl\/wp-json\/wp\/v2\/pages"}],"about":[{"href":"https:\/\/musabar.pl\/pl\/wp-json\/wp\/v2\/types\/page"}],"author":[{"embeddable":true,"href":"https:\/\/musabar.pl\/pl\/wp-json\/wp\/v2\/users\/2"}],"replies":[{"embeddable":true,"href":"https:\/\/musabar.pl\/pl\/wp-json\/wp\/v2\/comments?post=396"}],"version-history":[{"count":13,"href":"https:\/\/musabar.pl\/pl\/wp-json\/wp\/v2\/pages\/396\/revisions"}],"predecessor-version":[{"id":1076,"href":"https:\/\/musabar.pl\/pl\/wp-json\/wp\/v2\/pages\/396\/revisions\/1076"}],"wp:attachment":[{"href":"https:\/\/musabar.pl\/pl\/wp-json\/wp\/v2\/media?parent=396"}],"curies":[{"name":"wp","href":"https:\/\/api.w.org\/{rel}","templated":true}]}}