{"id":397,"date":"2025-08-25T17:03:44","date_gmt":"2025-08-25T15:03:44","guid":{"rendered":"https:\/\/musabar.pl\/?page_id=397"},"modified":"2025-11-19T14:22:48","modified_gmt":"2025-11-19T13:22:48","slug":"wydarzenia","status":"publish","type":"page","link":"https:\/\/musabar.pl\/pl\/wydarzenia\/","title":{"rendered":"Wydarzenia"},"content":{"rendered":"\t\t<div data-elementor-type=\"wp-page\" data-elementor-id=\"397\" class=\"elementor elementor-397 elementor-109\" data-elementor-post-type=\"page\">\n\t\t\t\t<div class=\"elementor-element elementor-element-3fe1a94 e-flex e-con-boxed e-con e-parent\" data-id=\"3fe1a94\" data-element_type=\"container\" data-settings=\"{&quot;background_background&quot;:&quot;classic&quot;}\">\n\t\t\t\t\t<div class=\"e-con-inner\">\n\t\t<div class=\"elementor-element elementor-element-2a74b97 e-flex e-con-boxed e-con e-child\" data-id=\"2a74b97\" data-element_type=\"container\">\n\t\t\t\t\t<div class=\"e-con-inner\">\n\t\t\t\t<div class=\"elementor-element elementor-element-00104c2 elementor-widget__width-initial elementor-widget-tablet__width-initial elementor-widget-mobile__width-initial elementor-widget elementor-widget-heading\" data-id=\"00104c2\" data-element_type=\"widget\" data-widget_type=\"heading.default\">\n\t\t\t\t\t<h2 class=\"elementor-heading-title elementor-size-default\">Wyj\u0105tkowe wydarzenie? <br>To nasza specjalno\u015b\u0107!<\/h2>\t\t\t\t<\/div>\n\t\t\t\t<div class=\"elementor-element elementor-element-aa15ab0 elementor-widget__width-initial elementor-widget elementor-widget-text-editor\" data-id=\"aa15ab0\" data-element_type=\"widget\" data-widget_type=\"text-editor.default\">\n\t\t\t\t\t\t\t\t\t<p>Niezale\u017cnie od okazji \u2014 urodzin, premiery produktu, \u015bwi\u0105tecznej kolacji czy wydarzenia firmowego \u2014 ch\u0119tnie dopasujemy przestrze\u0144, menu i atmosfer\u0119 do charakteru Waszego wydarzenia, tworz\u0105c niezapomniane wspomnienia.<\/p><p>Oferujemy kameraln\u0105, p\u00f3\u0142prywatn\u0105 sal\u0119 dla maksymalnie 16 os\u00f3b \u2014 idealn\u0105 na intymne przyj\u0119cia, kolacje biznesowe czy degustacje wina.\u00a0<\/p><p>Dla wi\u0119kszych grup mo\u017cna zarezerwowa\u0107 cz\u0119\u015b\u0107 naszego bistro lub wynaj\u0105\u0107 ca\u0142e miejsce na wy\u0142\u0105czno\u015b\u0107, zapewniaj\u0105c komfortowe przyj\u0119cie dla 25\u201360 os\u00f3b.<\/p>\t\t\t\t\t\t\t\t<\/div>\n\t\t\t\t<div class=\"elementor-element elementor-element-b4b29a3 elementor-widget__width-initial elementor-widget-tablet__width-initial elementor-widget-mobile__width-initial elementor-widget elementor-widget-heading\" data-id=\"b4b29a3\" data-element_type=\"widget\" data-widget_type=\"heading.default\">\n\t\t\t\t\t<h4 class=\"elementor-heading-title elementor-size-default\">Autorskie menu, wyszukane oraz ciekawe wina i bezpretensjonalna, ciep\u0142a obs\u0142uga.<\/h4>\t\t\t\t<\/div>\n\t\t\t\t\t<\/div>\n\t\t\t\t<\/div>\n\t\t\t\t\t<\/div>\n\t\t\t\t<\/div>\n\t\t<div class=\"elementor-element elementor-element-20ccdb8 e-flex e-con-boxed e-con e-parent\" data-id=\"20ccdb8\" data-element_type=\"container\">\n\t\t\t\t\t<div class=\"e-con-inner\">\n\t\t<div class=\"elementor-element elementor-element-4fbed87 e-con-full e-flex e-con e-child\" data-id=\"4fbed87\" data-element_type=\"container\">\n\t\t\t\t<div class=\"elementor-element elementor-element-686c700 elementor-widget-tablet__width-inherit elementor-position-top elementor-widget elementor-widget-image-box\" data-id=\"686c700\" data-element_type=\"widget\" data-widget_type=\"image-box.default\">\n\t\t\t\t\t<div class=\"elementor-image-box-wrapper\"><figure class=\"elementor-image-box-img\"><img fetchpriority=\"high\" decoding=\"async\" width=\"2369\" height=\"1584\" src=\"https:\/\/musabar.pl\/wp-content\/uploads\/2025\/10\/musa-reservation-5.jpg\" class=\"attachment-full size-full wp-image-946\" alt=\"\" srcset=\"https:\/\/musabar.pl\/wp-content\/uploads\/2025\/10\/musa-reservation-5.jpg 2369w, https:\/\/musabar.pl\/wp-content\/uploads\/2025\/10\/musa-reservation-5-300x201.jpg 300w, https:\/\/musabar.pl\/wp-content\/uploads\/2025\/10\/musa-reservation-5-1024x685.jpg 1024w, https:\/\/musabar.pl\/wp-content\/uploads\/2025\/10\/musa-reservation-5-768x514.jpg 768w, https:\/\/musabar.pl\/wp-content\/uploads\/2025\/10\/musa-reservation-5-1536x1027.jpg 1536w, https:\/\/musabar.pl\/wp-content\/uploads\/2025\/10\/musa-reservation-5-2048x1369.jpg 2048w\" sizes=\"(max-width: 2369px) 100vw, 2369px\" \/><\/figure><\/div>\t\t\t\t<\/div>\n\t\t\t\t<\/div>\n\t\t<div class=\"elementor-element elementor-element-3ed8b43 e-con-full e-flex e-con e-child\" data-id=\"3ed8b43\" data-element_type=\"container\">\n\t\t\t\t<div class=\"elementor-element elementor-element-6e84e87 elementor-widget-tablet__width-inherit elementor-position-top elementor-widget elementor-widget-image-box\" data-id=\"6e84e87\" data-element_type=\"widget\" data-widget_type=\"image-box.default\">\n\t\t\t\t\t<div class=\"elementor-image-box-wrapper\"><figure class=\"elementor-image-box-img\"><img decoding=\"async\" width=\"2369\" height=\"1584\" src=\"https:\/\/musabar.pl\/wp-content\/uploads\/2025\/10\/musa-reservation-4.jpg\" class=\"attachment-full size-full wp-image-944\" alt=\"\" srcset=\"https:\/\/musabar.pl\/wp-content\/uploads\/2025\/10\/musa-reservation-4.jpg 2369w, https:\/\/musabar.pl\/wp-content\/uploads\/2025\/10\/musa-reservation-4-300x201.jpg 300w, https:\/\/musabar.pl\/wp-content\/uploads\/2025\/10\/musa-reservation-4-1024x685.jpg 1024w, https:\/\/musabar.pl\/wp-content\/uploads\/2025\/10\/musa-reservation-4-768x514.jpg 768w, https:\/\/musabar.pl\/wp-content\/uploads\/2025\/10\/musa-reservation-4-1536x1027.jpg 1536w, https:\/\/musabar.pl\/wp-content\/uploads\/2025\/10\/musa-reservation-4-2048x1369.jpg 2048w\" sizes=\"(max-width: 2369px) 100vw, 2369px\" \/><\/figure><\/div>\t\t\t\t<\/div>\n\t\t\t\t<\/div>\n\t\t\t\t\t<\/div>\n\t\t\t\t<\/div>\n\t\t<div class=\"elementor-element elementor-element-d6b677f e-flex e-con-boxed e-con e-parent\" data-id=\"d6b677f\" data-element_type=\"container\" data-settings=\"{&quot;background_background&quot;:&quot;classic&quot;}\">\n\t\t\t\t\t<div class=\"e-con-inner\">\n\t\t<div class=\"elementor-element elementor-element-567b198 e-flex e-con-boxed e-con e-child\" data-id=\"567b198\" data-element_type=\"container\">\n\t\t\t\t\t<div class=\"e-con-inner\">\n\t\t\t\t<div class=\"elementor-element elementor-element-a7c0a04 elementor-widget__width-initial elementor-widget-tablet__width-initial elementor-widget-mobile__width-initial elementor-widget elementor-widget-heading\" data-id=\"a7c0a04\" data-element_type=\"widget\" data-widget_type=\"heading.default\">\n\t\t\t\t\t<h2 class=\"elementor-heading-title elementor-size-default\">Ciekawe wydarzenie kulinarne w Warszawie? Uwielbiamy mi\u0119dzynarodowe wsp\u00f3\u0142prace.<\/h2>\t\t\t\t<\/div>\n\t\t\t\t<div class=\"elementor-element elementor-element-a322cca elementor-widget__width-initial elementor-widget elementor-widget-text-editor\" data-id=\"a322cca\" data-element_type=\"widget\" data-widget_type=\"text-editor.default\">\n\t\t\t\t\t\t\t\t\t<p>W ramach naszej misji go\u015bcinno\u015bci zapraszamy najlepsze bistro i szef\u00f3w kuchni z ca\u0142ej Europy. Regularnie wsp\u00f3\u0142pracujemy z miejscami, z kt\u00f3rymi \u0142\u0105czy nas wsp\u00f3lna wizja. Nasze social media to najlepsze miejsce, by sprawdzi\u0107 kolejne wydarzenie, kt\u00f3re ju\u017c planujemy!<\/p>\t\t\t\t\t\t\t\t<\/div>\n\t\t\t\t\t<\/div>\n\t\t\t\t<\/div>\n\t\t\t\t\t<\/div>\n\t\t\t\t<\/div>\n\t\t<div class=\"elementor-element elementor-element-d83bd8b e-flex e-con-boxed e-con e-parent\" data-id=\"d83bd8b\" data-element_type=\"container\">\n\t\t\t\t\t<div class=\"e-con-inner\">\n\t\t<div class=\"elementor-element elementor-element-75c8891 e-con-full e-flex e-con e-child\" data-id=\"75c8891\" data-element_type=\"container\">\n\t\t\t\t<div class=\"elementor-element elementor-element-b8517c2 elementor-widget-tablet__width-inherit elementor-position-top elementor-widget elementor-widget-image-box\" data-id=\"b8517c2\" data-element_type=\"widget\" data-widget_type=\"image-box.default\">\n\t\t\t\t\t<div class=\"elementor-image-box-wrapper\"><figure class=\"elementor-image-box-img\"><img decoding=\"async\" width=\"1207\" height=\"1814\" src=\"https:\/\/musabar.pl\/wp-content\/uploads\/2025\/11\/billallison.jpg\" class=\"attachment-full size-full wp-image-1259\" alt=\"\" srcset=\"https:\/\/musabar.pl\/wp-content\/uploads\/2025\/11\/billallison.jpg 1207w, https:\/\/musabar.pl\/wp-content\/uploads\/2025\/11\/billallison-200x300.jpg 200w, https:\/\/musabar.pl\/wp-content\/uploads\/2025\/11\/billallison-681x1024.jpg 681w, https:\/\/musabar.pl\/wp-content\/uploads\/2025\/11\/billallison-768x1154.jpg 768w, https:\/\/musabar.pl\/wp-content\/uploads\/2025\/11\/billallison-1022x1536.jpg 1022w\" sizes=\"(max-width: 1207px) 100vw, 1207px\" \/><\/figure><\/div>\t\t\t\t<\/div>\n\t\t\t\t<\/div>\n\t\t<div class=\"elementor-element elementor-element-ff27c66 e-con-full e-flex e-con e-child\" data-id=\"ff27c66\" data-element_type=\"container\">\n\t\t\t\t<div class=\"elementor-element elementor-element-fb60bd7 elementor-widget-tablet__width-inherit elementor-position-top elementor-widget elementor-widget-image-box\" data-id=\"fb60bd7\" data-element_type=\"widget\" data-widget_type=\"image-box.default\">\n\t\t\t\t\t<div class=\"elementor-image-box-wrapper\"><figure class=\"elementor-image-box-img\"><img loading=\"lazy\" decoding=\"async\" width=\"1207\" height=\"1814\" src=\"https:\/\/musabar.pl\/wp-content\/uploads\/2025\/10\/musa-reservation-7.jpg\" class=\"attachment-full size-full wp-image-954\" alt=\"\" srcset=\"https:\/\/musabar.pl\/wp-content\/uploads\/2025\/10\/musa-reservation-7.jpg 1207w, https:\/\/musabar.pl\/wp-content\/uploads\/2025\/10\/musa-reservation-7-200x300.jpg 200w, https:\/\/musabar.pl\/wp-content\/uploads\/2025\/10\/musa-reservation-7-681x1024.jpg 681w, https:\/\/musabar.pl\/wp-content\/uploads\/2025\/10\/musa-reservation-7-768x1154.jpg 768w, https:\/\/musabar.pl\/wp-content\/uploads\/2025\/10\/musa-reservation-7-1022x1536.jpg 1022w\" sizes=\"(max-width: 1207px) 100vw, 1207px\" \/><\/figure><\/div>\t\t\t\t<\/div>\n\t\t\t\t<\/div>\n\t\t<div class=\"elementor-element elementor-element-d5981fa e-con-full e-flex e-con e-child\" data-id=\"d5981fa\" data-element_type=\"container\">\n\t\t\t\t<div class=\"elementor-element elementor-element-40d0d0d elementor-widget-tablet__width-inherit elementor-position-top elementor-widget elementor-widget-image-box\" data-id=\"40d0d0d\" data-element_type=\"widget\" data-widget_type=\"image-box.default\">\n\t\t\t\t\t<div class=\"elementor-image-box-wrapper\"><figure class=\"elementor-image-box-img\"><img loading=\"lazy\" decoding=\"async\" width=\"1207\" height=\"1814\" src=\"https:\/\/musabar.pl\/wp-content\/uploads\/2025\/10\/musa-reservation-6.jpg\" class=\"attachment-full size-full wp-image-952\" alt=\"\" srcset=\"https:\/\/musabar.pl\/wp-content\/uploads\/2025\/10\/musa-reservation-6.jpg 1207w, https:\/\/musabar.pl\/wp-content\/uploads\/2025\/10\/musa-reservation-6-200x300.jpg 200w, https:\/\/musabar.pl\/wp-content\/uploads\/2025\/10\/musa-reservation-6-681x1024.jpg 681w, https:\/\/musabar.pl\/wp-content\/uploads\/2025\/10\/musa-reservation-6-768x1154.jpg 768w, https:\/\/musabar.pl\/wp-content\/uploads\/2025\/10\/musa-reservation-6-1022x1536.jpg 1022w\" sizes=\"(max-width: 1207px) 100vw, 1207px\" \/><\/figure><\/div>\t\t\t\t<\/div>\n\t\t\t\t<\/div>\n\t\t\t\t\t<\/div>\n\t\t\t\t<\/div>\n\t\t\t\t<\/div>\n\t\t","protected":false},"excerpt":{"rendered":"<p>Wyj\u0105tkowe wydarzenie? To nasza specjalno\u015b\u0107! Niezale\u017cnie od okazji \u2014 urodzin, premiery produktu, \u015bwi\u0105tecznej kolacji czy wydarzenia firmowego \u2014 ch\u0119tnie dopasujemy przestrze\u0144, menu i atmosfer\u0119 do charakteru Waszego wydarzenia, tworz\u0105c niezapomniane wspomnienia. Oferujemy kameraln\u0105, p\u00f3\u0142prywatn\u0105 sal\u0119 dla maksymalnie 16 os\u00f3b \u2014 idealn\u0105 na intymne przyj\u0119cia, kolacje biznesowe czy degustacje wina.\u00a0 Dla wi\u0119kszych grup mo\u017cna zarezerwowa\u0107 cz\u0119\u015b\u0107 [&hellip;]<\/p>\n","protected":false},"author":2,"featured_media":0,"parent":0,"menu_order":0,"comment_status":"closed","ping_status":"closed","template":"elementor_header_footer","meta":{"footnotes":""},"class_list":["post-397","page","type-page","status-publish","hentry"],"_links":{"self":[{"href":"https:\/\/musabar.pl\/pl\/wp-json\/wp\/v2\/pages\/397","targetHints":{"allow":["GET"]}}],"collection":[{"href":"https:\/\/musabar.pl\/pl\/wp-json\/wp\/v2\/pages"}],"about":[{"href":"https:\/\/musabar.pl\/pl\/wp-json\/wp\/v2\/types\/page"}],"author":[{"embeddable":true,"href":"https:\/\/musabar.pl\/pl\/wp-json\/wp\/v2\/users\/2"}],"replies":[{"embeddable":true,"href":"https:\/\/musabar.pl\/pl\/wp-json\/wp\/v2\/comments?post=397"}],"version-history":[{"count":13,"href":"https:\/\/musabar.pl\/pl\/wp-json\/wp\/v2\/pages\/397\/revisions"}],"predecessor-version":[{"id":1268,"href":"https:\/\/musabar.pl\/pl\/wp-json\/wp\/v2\/pages\/397\/revisions\/1268"}],"wp:attachment":[{"href":"https:\/\/musabar.pl\/pl\/wp-json\/wp\/v2\/media?parent=397"}],"curies":[{"name":"wp","href":"https:\/\/api.w.org\/{rel}","templated":true}]}}