{"id":398,"date":"2025-08-25T17:03:23","date_gmt":"2025-08-25T15:03:23","guid":{"rendered":"https:\/\/musabar.pl\/?page_id=398"},"modified":"2026-01-11T17:02:13","modified_gmt":"2026-01-11T16:02:13","slug":"jedzenie-wino","status":"publish","type":"page","link":"https:\/\/musabar.pl\/pl\/jedzenie-wino\/","title":{"rendered":"Jedzenie &amp; Wino"},"content":{"rendered":"<h2>T\u0119tni\u0105ce \u017cyciem, nowoczesne bistro, gdzie wina maj\u0105 charakter, lody s\u0105 rzemie\u015blnicze, a atmosfera \u2013 ciep\u0142a i przyjazna.<\/h2>\n<h3>Menu<\/h3>\n<p>Dania, kt\u00f3re sami chcieliby\u015bmy zje\u015b\u0107 \u2014 pe\u0142ne smaku, intryguj\u0105ce i jednocze\u015bnie daj\u0105ce poczucie komfortu. Ka\u017cde danie to ma\u0142a podr\u00f3\u017c: inspiracja wsp\u00f3\u0142czesn\u0105 kuchni\u0105 brytyjsk\u0105, natur\u0105 i do\u015bwiadczeniami z podr\u00f3\u017cy po ca\u0142ym \u015bwiecie. Barowa atmosfera spotyka si\u0119 w Musie z nowoczesnym bistro, a menu jest dynamiczne, przemy\u015blane i zawsze pe\u0142ne odkry\u0107.<\/p>\n<p>Pracujemy tylko z produktami najwy\u017cszej jako\u015bci \u2014 od r\u0119cznie zbieranych ostryg z Francji, przez sery sprowadzane osobi\u015bcie, po lokalne mi\u0119so i warzywa. Nie idziemy na kompromisy \u2014 ani w kwestii jako\u015bci, ani w kwestii ciekawo\u015bci smak\u00f3w. Miejsce, do kt\u00f3rego chce si\u0119 wraca\u0107.<\/p>\n<h2>Na kolacj\u0119. Na kieliszek wina. Na lody.<\/h2>\n<figure><img fetchpriority=\"high\" decoding=\"async\" src=\"http:\/\/musabar.pl\/wp-content\/uploads\/2025\/10\/musa-4.jpg\" alt=\"\" width=\"1207\" height=\"1814\" \/><\/figure>\n<figure><img decoding=\"async\" src=\"http:\/\/musabar.pl\/wp-content\/uploads\/2025\/10\/musa-3.jpg\" alt=\"\" width=\"1207\" height=\"1814\" \/><\/figure>\n<figure><img decoding=\"async\" src=\"http:\/\/musabar.pl\/wp-content\/uploads\/2025\/10\/musa-1.jpg\" alt=\"\" width=\"1207\" height=\"1814\" \/><\/figure>\n<figure><img loading=\"lazy\" decoding=\"async\" src=\"http:\/\/musabar.pl\/wp-content\/uploads\/2025\/10\/musa-2.jpg\" alt=\"\" width=\"1207\" height=\"1814\" \/><\/figure>\n<h3>Gelato<\/h3>\n<p>Rzemie\u015blnicze gelato przygotowywane przez Luigiego &#8211; wsp\u00f3\u0142za\u0142o\u017cyciela Musa Baru, idealnie sprawdzi si\u0119 jako zwie\u0144czenie kolacji lub z kieliszkiem wina. Klasyki, nieoczywiste po\u0142\u0105czenia i nieustanny proces kreatywny sprawiaj\u0105, \u017ce nie zawsze znajdziecie te same smaki a ich dost\u0119pno\u015b\u0107 jest cz\u0119sto limitowana.<\/p>\n<h3>Wino<\/h3>\n<p>Od win nisko interwencyjnych i biodynamicznych, po propozycje od ma\u0142ych winnic, a\u017c po klasyczne, dobrze ustrukturyzowane wyrazy europejskiej tradycji.<br \/>\nKa\u017cde wino jest starannie wybrane przez Jana Kozio\u0142kiewicza z zamys\u0142em: szczere, ekspresyjne i pe\u0142ne charakteru.<\/p>\n<p>Wsp\u00f3\u0142pracujemy z niezale\u017cnymi dystrybutorami i bezpo\u015brednio z producentami, kt\u00f3rych poznajemy osobi\u015bcie. Eksperymentujemy, ale zawsze dbamy o r\u00f3\u017cnorodno\u015b\u0107 i jako\u015b\u0107 \u2014 ka\u017cdego dnia oferujemy ponad 20 win dost\u0119pnych na kieliszek oraz blisko 150 etykiet dost\u0119pnych na butelki.<\/p>\n<figure><img loading=\"lazy\" decoding=\"async\" src=\"http:\/\/musabar.pl\/wp-content\/uploads\/2025\/10\/food-wine-1.jpg\" alt=\"\" width=\"1207\" height=\"1814\" \/><\/figure>\n<figure><img loading=\"lazy\" decoding=\"async\" src=\"http:\/\/musabar.pl\/wp-content\/uploads\/2025\/10\/food-wine-2.jpg\" alt=\"\" width=\"1207\" height=\"1814\" \/><\/figure>\n<figure><img loading=\"lazy\" decoding=\"async\" src=\"http:\/\/musabar.pl\/wp-content\/uploads\/2025\/10\/food-wine-4.jpg\" alt=\"\" width=\"1207\" height=\"1814\" \/><\/figure>\n<figure><img loading=\"lazy\" decoding=\"async\" src=\"http:\/\/musabar.pl\/wp-content\/uploads\/2025\/10\/food-wine-3.jpg\" alt=\"\" width=\"1207\" height=\"1814\" \/><\/figure>\n","protected":false},"excerpt":{"rendered":"<p>T\u0119tni\u0105ce \u017cyciem, nowoczesne bistro, gdzie wina maj\u0105 charakter, lody s\u0105 rzemie\u015blnicze, a atmosfera \u2013 ciep\u0142a i przyjazna. Menu Dania, kt\u00f3re sami chcieliby\u015bmy zje\u015b\u0107 \u2014 pe\u0142ne smaku, intryguj\u0105ce i jednocze\u015bnie daj\u0105ce poczucie komfortu. Ka\u017cde danie to ma\u0142a podr\u00f3\u017c: inspiracja wsp\u00f3\u0142czesn\u0105 kuchni\u0105 brytyjsk\u0105, natur\u0105 i do\u015bwiadczeniami z podr\u00f3\u017cy po ca\u0142ym \u015bwiecie. Barowa atmosfera spotyka si\u0119 w Musie [&hellip;]<\/p>\n","protected":false},"author":2,"featured_media":0,"parent":0,"menu_order":0,"comment_status":"closed","ping_status":"closed","template":"elementor_header_footer","meta":{"footnotes":""},"class_list":["post-398","page","type-page","status-publish","hentry"],"_links":{"self":[{"href":"https:\/\/musabar.pl\/pl\/wp-json\/wp\/v2\/pages\/398","targetHints":{"allow":["GET"]}}],"collection":[{"href":"https:\/\/musabar.pl\/pl\/wp-json\/wp\/v2\/pages"}],"about":[{"href":"https:\/\/musabar.pl\/pl\/wp-json\/wp\/v2\/types\/page"}],"author":[{"embeddable":true,"href":"https:\/\/musabar.pl\/pl\/wp-json\/wp\/v2\/users\/2"}],"replies":[{"embeddable":true,"href":"https:\/\/musabar.pl\/pl\/wp-json\/wp\/v2\/comments?post=398"}],"version-history":[{"count":17,"href":"https:\/\/musabar.pl\/pl\/wp-json\/wp\/v2\/pages\/398\/revisions"}],"predecessor-version":[{"id":1281,"href":"https:\/\/musabar.pl\/pl\/wp-json\/wp\/v2\/pages\/398\/revisions\/1281"}],"wp:attachment":[{"href":"https:\/\/musabar.pl\/pl\/wp-json\/wp\/v2\/media?parent=398"}],"curies":[{"name":"wp","href":"https:\/\/api.w.org\/{rel}","templated":true}]}}