{"id":399,"date":"2025-08-25T17:03:54","date_gmt":"2025-08-25T15:03:54","guid":{"rendered":"https:\/\/musabar.pl\/?page_id=399"},"modified":"2025-10-28T11:03:10","modified_gmt":"2025-10-28T10:03:10","slug":"dolacz-do-nas","status":"publish","type":"page","link":"https:\/\/musabar.pl\/pl\/dolacz-do-nas\/","title":{"rendered":"Do\u0142\u0105cz do nas"},"content":{"rendered":"\t\t<div data-elementor-type=\"wp-page\" data-elementor-id=\"399\" class=\"elementor elementor-399 elementor-111\" data-elementor-post-type=\"page\">\n\t\t\t\t<div class=\"elementor-element elementor-element-395974b e-flex e-con-boxed e-con e-parent\" data-id=\"395974b\" data-element_type=\"container\" data-settings=\"{&quot;background_background&quot;:&quot;classic&quot;}\">\n\t\t\t\t\t<div class=\"e-con-inner\">\n\t\t<div class=\"elementor-element elementor-element-98de4f4 e-con-full e-flex e-con e-child\" data-id=\"98de4f4\" data-element_type=\"container\">\n\t\t\t\t<div class=\"elementor-element elementor-element-81373c4 elementor-widget__width-inherit elementor-widget-tablet__width-inherit elementor-widget-mobile__width-initial animated-slow elementor-invisible elementor-widget elementor-widget-heading\" data-id=\"81373c4\" data-element_type=\"widget\" data-settings=\"{&quot;_animation&quot;:&quot;fadeInUp&quot;}\" data-widget_type=\"heading.default\">\n\t\t\t\t\t<h2 class=\"elementor-heading-title elementor-size-default\">Do\u0142\u0105cz do naszego zespo\u0142u.<\/h2>\t\t\t\t<\/div>\n\t\t\t\t<div class=\"elementor-element elementor-element-4e5e52a elementor-widget__width-initial animated-slow elementor-invisible elementor-widget elementor-widget-text-editor\" data-id=\"4e5e52a\" data-element_type=\"widget\" data-settings=\"{&quot;_animation&quot;:&quot;fadeInUp&quot;,&quot;_animation_delay&quot;:100}\" data-widget_type=\"text-editor.default\">\n\t\t\t\t\t\t\t\t\t<p>Nieustannie poszukujemy utalentowanych, ciekawych \u015bwiata i stawiaj\u0105cych sobie wysokie wymagania os\u00f3b. Wa\u017cniejsze, ni\u017c wieloletnie do\u015bwiadczenie, s\u0105 autentyczna pasja do wina i dobrego jedzenia oraz ch\u0119\u0107 do nauki. Je\u017celi jeste\u015b got\u00f3w\/gotowa podj\u0105\u0107 nauk\u0119 &#8211; my jeste\u015bmy gotowi da\u0107 Ci t\u0119 przestrze\u0144.<span class=\"Apple-converted-space\">\u00a0<\/span><\/p><p>W Musa Bar oferujemy bezpieczne i otwarte \u015brodowisko pracy, przyjazn\u0105 ale profesjonaln\u0105 atmosfer\u0119\u00a0oraz mo\u017cliwo\u015b\u0107 rozwoju osobistego.<span class=\"Apple-converted-space\">\u00a0<\/span><\/p><p>Nasz mi\u0119dzynarodowy, wieloj\u0119zykowy zesp\u00f3\u0142 z bogatym i zr\u00f3\u017cnicowanym do\u015bwiadczeniem sprawia, \u017ce Musa Bar to miejsce przyjemne, interesuj\u0105ce i zach\u0119caj\u0105ce do nauki i rozwoju.<\/p>\t\t\t\t\t\t\t\t<\/div>\n\t\t\t\t<div class=\"elementor-element elementor-element-a3ef357 elementor-widget__width-initial animated-slow linki elementor-invisible elementor-widget elementor-widget-text-editor\" data-id=\"a3ef357\" data-element_type=\"widget\" data-settings=\"{&quot;_animation&quot;:&quot;fadeInUp&quot;,&quot;_animation_delay&quot;:100}\" data-widget_type=\"text-editor.default\">\n\t\t\t\t\t\t\t\t\t<p><a href=\"mailto:info@musawino.pl\">Zostaw nam swoje CV<\/a><\/p>\t\t\t\t\t\t\t\t<\/div>\n\t\t\t\t<\/div>\n\t\t\t\t\t<\/div>\n\t\t\t\t<\/div>\n\t\t<div class=\"elementor-element elementor-element-c7f80d6 e-flex e-con-boxed e-con e-parent\" data-id=\"c7f80d6\" data-element_type=\"container\">\n\t\t\t\t\t<div class=\"e-con-inner\">\n\t\t\t\t<div class=\"elementor-element elementor-element-442773c elementor-widget elementor-widget-image\" data-id=\"442773c\" data-element_type=\"widget\" data-widget_type=\"image.default\">\n\t\t\t\t\t\t\t\t\t\t\t\t\t\t\t<img fetchpriority=\"high\" decoding=\"async\" width=\"1459\" height=\"1080\" src=\"https:\/\/musabar.pl\/wp-content\/uploads\/2025\/08\/zdjecie-1.png\" class=\"attachment-full size-full wp-image-310\" alt=\"\" srcset=\"https:\/\/musabar.pl\/wp-content\/uploads\/2025\/08\/zdjecie-1.png 1459w, https:\/\/musabar.pl\/wp-content\/uploads\/2025\/08\/zdjecie-1-300x222.png 300w, https:\/\/musabar.pl\/wp-content\/uploads\/2025\/08\/zdjecie-1-1024x758.png 1024w, https:\/\/musabar.pl\/wp-content\/uploads\/2025\/08\/zdjecie-1-768x568.png 768w\" sizes=\"(max-width: 1459px) 100vw, 1459px\" \/>\t\t\t\t\t\t\t\t\t\t\t\t\t\t\t<\/div>\n\t\t\t\t\t<\/div>\n\t\t\t\t<\/div>\n\t\t\t\t<\/div>\n\t\t","protected":false},"excerpt":{"rendered":"<p>Do\u0142\u0105cz do naszego zespo\u0142u. Nieustannie poszukujemy utalentowanych, ciekawych \u015bwiata i stawiaj\u0105cych sobie wysokie wymagania os\u00f3b. Wa\u017cniejsze, ni\u017c wieloletnie do\u015bwiadczenie, s\u0105 autentyczna pasja do wina i dobrego jedzenia oraz ch\u0119\u0107 do nauki. Je\u017celi jeste\u015b got\u00f3w\/gotowa podj\u0105\u0107 nauk\u0119 &#8211; my jeste\u015bmy gotowi da\u0107 Ci t\u0119 przestrze\u0144.\u00a0 W Musa Bar oferujemy bezpieczne i otwarte \u015brodowisko pracy, przyjazn\u0105 ale [&hellip;]<\/p>\n","protected":false},"author":2,"featured_media":0,"parent":0,"menu_order":0,"comment_status":"closed","ping_status":"closed","template":"elementor_header_footer","meta":{"footnotes":""},"class_list":["post-399","page","type-page","status-publish","hentry"],"_links":{"self":[{"href":"https:\/\/musabar.pl\/pl\/wp-json\/wp\/v2\/pages\/399","targetHints":{"allow":["GET"]}}],"collection":[{"href":"https:\/\/musabar.pl\/pl\/wp-json\/wp\/v2\/pages"}],"about":[{"href":"https:\/\/musabar.pl\/pl\/wp-json\/wp\/v2\/types\/page"}],"author":[{"embeddable":true,"href":"https:\/\/musabar.pl\/pl\/wp-json\/wp\/v2\/users\/2"}],"replies":[{"embeddable":true,"href":"https:\/\/musabar.pl\/pl\/wp-json\/wp\/v2\/comments?post=399"}],"version-history":[{"count":22,"href":"https:\/\/musabar.pl\/pl\/wp-json\/wp\/v2\/pages\/399\/revisions"}],"predecessor-version":[{"id":1195,"href":"https:\/\/musabar.pl\/pl\/wp-json\/wp\/v2\/pages\/399\/revisions\/1195"}],"wp:attachment":[{"href":"https:\/\/musabar.pl\/pl\/wp-json\/wp\/v2\/media?parent=399"}],"curies":[{"name":"wp","href":"https:\/\/api.w.org\/{rel}","templated":true}]}}