{"id":400,"date":"2025-08-25T17:03:37","date_gmt":"2025-08-25T15:03:37","guid":{"rendered":"https:\/\/musabar.pl\/?page_id=400"},"modified":"2025-10-28T11:11:19","modified_gmt":"2025-10-28T10:11:19","slug":"rezerwacje","status":"publish","type":"page","link":"https:\/\/musabar.pl\/pl\/rezerwacje\/","title":{"rendered":"Rezerwacje"},"content":{"rendered":"\t\t<div data-elementor-type=\"wp-page\" data-elementor-id=\"400\" class=\"elementor elementor-400 elementor-107\" data-elementor-post-type=\"page\">\n\t\t\t\t<div class=\"elementor-element elementor-element-8c5446e e-flex e-con-boxed e-con e-parent\" data-id=\"8c5446e\" data-element_type=\"container\" data-settings=\"{&quot;background_background&quot;:&quot;classic&quot;}\">\n\t\t\t\t\t<div class=\"e-con-inner\">\n\t\t<div class=\"elementor-element elementor-element-5de3160 e-flex e-con-boxed e-con e-child\" data-id=\"5de3160\" data-element_type=\"container\">\n\t\t\t\t\t<div class=\"e-con-inner\">\n\t\t\t\t<div class=\"elementor-element elementor-element-39503dd elementor-widget__width-inherit elementor-widget-tablet__width-inherit elementor-widget-mobile__width-initial elementor-widget elementor-widget-heading\" data-id=\"39503dd\" data-element_type=\"widget\" data-widget_type=\"heading.default\">\n\t\t\t\t\t<h2 class=\"elementor-heading-title elementor-size-default\">Go\u015bcimy z trosk\u0105. Zawsze.<\/h2>\t\t\t\t<\/div>\n\t\t\t\t<div class=\"elementor-element elementor-element-e0cd530 elementor-widget__width-initial elementor-widget elementor-widget-text-editor\" data-id=\"e0cd530\" data-element_type=\"widget\" data-widget_type=\"text-editor.default\">\n\t\t\t\t\t\t\t\t\t<p>Musa Bar to dwa przytulne wn\u0119trza i ogr\u00f3d na \u015bwie\u017cym powietrzu. Dzi\u0119ki r\u00f3\u017cnym opcjom miejsc siedz\u0105cych, znajdziemy idealny st\u00f3\u0142 na ka\u017cd\u0105 okazj\u0119. W dni weekendowe oraz dla wi\u0119kszych grup polecamy dokona\u0107 rezerwacji z wyprzedzeniem. Je\u015bli jednak wizyta ma charakter spontaniczny &#8211; nie szkodzi! Zawsze pozostawiamy kilka miejsc przy barze dla Go\u015bci bez rezerwacji.<\/p>\t\t\t\t\t\t\t\t<\/div>\n\t\t\t\t<div class=\"elementor-element elementor-element-b6f1ecd elementor-widget__width-inherit elementor-widget-tablet__width-inherit elementor-widget-mobile__width-initial elementor-widget elementor-widget-heading\" data-id=\"b6f1ecd\" data-element_type=\"widget\" data-widget_type=\"heading.default\">\n\t\t\t\t\t<h2 class=\"elementor-heading-title elementor-size-default\">Zarezerwuj stolik, a o my zadbamy o reszt\u0119.<\/h2>\t\t\t\t<\/div>\n\t\t\t\t<div class=\"elementor-element elementor-element-6c9bf47 elementor-widget__width-initial linki elementor-widget elementor-widget-text-editor\" data-id=\"6c9bf47\" data-element_type=\"widget\" data-widget_type=\"text-editor.default\">\n\t\t\t\t\t\t\t\t\t<p>Zadzwo\u0144 do nas:\u00a0 <a href=\"tel:+48573063255\">+48 573 063 255<\/a><\/p>\t\t\t\t\t\t\t\t<\/div>\n\t\t\t\t\t<\/div>\n\t\t\t\t<\/div>\n\t\t\t\t\t<\/div>\n\t\t\t\t<\/div>\n\t\t<div class=\"elementor-element elementor-element-d75352c e-flex e-con-boxed e-con e-parent\" data-id=\"d75352c\" data-element_type=\"container\">\n\t\t\t\t\t<div class=\"e-con-inner\">\n\t\t<div class=\"elementor-element elementor-element-1fe84a2 e-con-full e-flex e-con e-child\" data-id=\"1fe84a2\" data-element_type=\"container\">\n\t\t\t\t<div class=\"elementor-element elementor-element-7f39796 elementor-widget-tablet__width-inherit elementor-position-top elementor-widget elementor-widget-image-box\" data-id=\"7f39796\" data-element_type=\"widget\" data-widget_type=\"image-box.default\">\n\t\t\t\t\t<div class=\"elementor-image-box-wrapper\"><figure class=\"elementor-image-box-img\"><img fetchpriority=\"high\" decoding=\"async\" width=\"1703\" height=\"2560\" src=\"https:\/\/musabar.pl\/wp-content\/uploads\/2025\/10\/musa-reservation-2-scaled.jpg\" class=\"attachment-full size-full wp-image-905\" alt=\"\" srcset=\"https:\/\/musabar.pl\/wp-content\/uploads\/2025\/10\/musa-reservation-2-scaled.jpg 1703w, https:\/\/musabar.pl\/wp-content\/uploads\/2025\/10\/musa-reservation-2-200x300.jpg 200w, https:\/\/musabar.pl\/wp-content\/uploads\/2025\/10\/musa-reservation-2-681x1024.jpg 681w, https:\/\/musabar.pl\/wp-content\/uploads\/2025\/10\/musa-reservation-2-768x1154.jpg 768w, https:\/\/musabar.pl\/wp-content\/uploads\/2025\/10\/musa-reservation-2-1022x1536.jpg 1022w, https:\/\/musabar.pl\/wp-content\/uploads\/2025\/10\/musa-reservation-2-1363x2048.jpg 1363w\" sizes=\"(max-width: 1703px) 100vw, 1703px\" \/><\/figure><\/div>\t\t\t\t<\/div>\n\t\t\t\t<\/div>\n\t\t<div class=\"elementor-element elementor-element-1bf4dcf e-con-full e-flex e-con e-child\" data-id=\"1bf4dcf\" data-element_type=\"container\">\n\t\t\t\t<div class=\"elementor-element elementor-element-702fa82 elementor-widget-tablet__width-inherit elementor-position-top elementor-widget elementor-widget-image-box\" data-id=\"702fa82\" data-element_type=\"widget\" data-widget_type=\"image-box.default\">\n\t\t\t\t\t<div class=\"elementor-image-box-wrapper\"><figure class=\"elementor-image-box-img\"><img decoding=\"async\" width=\"1913\" height=\"1584\" src=\"https:\/\/musabar.pl\/wp-content\/uploads\/2025\/10\/musa-reservation-3-1.jpg\" class=\"attachment-full size-full wp-image-911\" alt=\"\" srcset=\"https:\/\/musabar.pl\/wp-content\/uploads\/2025\/10\/musa-reservation-3-1.jpg 1913w, https:\/\/musabar.pl\/wp-content\/uploads\/2025\/10\/musa-reservation-3-1-300x248.jpg 300w, https:\/\/musabar.pl\/wp-content\/uploads\/2025\/10\/musa-reservation-3-1-1024x848.jpg 1024w, https:\/\/musabar.pl\/wp-content\/uploads\/2025\/10\/musa-reservation-3-1-768x636.jpg 768w, https:\/\/musabar.pl\/wp-content\/uploads\/2025\/10\/musa-reservation-3-1-1536x1272.jpg 1536w\" sizes=\"(max-width: 1913px) 100vw, 1913px\" \/><\/figure><\/div>\t\t\t\t<\/div>\n\t\t\t\t<\/div>\n\t\t<div class=\"elementor-element elementor-element-b35a5fb e-con-full e-flex e-con e-child\" data-id=\"b35a5fb\" data-element_type=\"container\">\n\t\t\t\t<div class=\"elementor-element elementor-element-43bfff0 elementor-widget-tablet__width-inherit elementor-position-top elementor-widget elementor-widget-image-box\" data-id=\"43bfff0\" data-element_type=\"widget\" data-widget_type=\"image-box.default\">\n\t\t\t\t\t<div class=\"elementor-image-box-wrapper\"><figure class=\"elementor-image-box-img\"><img decoding=\"async\" width=\"1207\" height=\"1814\" src=\"https:\/\/musabar.pl\/wp-content\/uploads\/2025\/10\/musa-reservation-1.jpg\" class=\"attachment-full size-full wp-image-907\" alt=\"\" srcset=\"https:\/\/musabar.pl\/wp-content\/uploads\/2025\/10\/musa-reservation-1.jpg 1207w, https:\/\/musabar.pl\/wp-content\/uploads\/2025\/10\/musa-reservation-1-200x300.jpg 200w, https:\/\/musabar.pl\/wp-content\/uploads\/2025\/10\/musa-reservation-1-681x1024.jpg 681w, https:\/\/musabar.pl\/wp-content\/uploads\/2025\/10\/musa-reservation-1-768x1154.jpg 768w, https:\/\/musabar.pl\/wp-content\/uploads\/2025\/10\/musa-reservation-1-1022x1536.jpg 1022w\" sizes=\"(max-width: 1207px) 100vw, 1207px\" \/><\/figure><\/div>\t\t\t\t<\/div>\n\t\t\t\t<\/div>\n\t\t\t\t\t<\/div>\n\t\t\t\t<\/div>\n\t\t<div class=\"elementor-element elementor-element-d9f436d e-flex e-con-boxed e-con e-parent\" data-id=\"d9f436d\" data-element_type=\"container\" data-settings=\"{&quot;background_background&quot;:&quot;classic&quot;}\">\n\t\t\t\t\t<div class=\"e-con-inner\">\n\t\t<div class=\"elementor-element elementor-element-c24cebd e-flex e-con-boxed e-con e-child\" data-id=\"c24cebd\" data-element_type=\"container\">\n\t\t\t\t\t<div class=\"e-con-inner\">\n\t\t\t\t<div class=\"elementor-element elementor-element-cd7e2fa elementor-widget__width-inherit elementor-widget-tablet__width-inherit elementor-widget-mobile__width-initial elementor-widget elementor-widget-heading\" data-id=\"cd7e2fa\" data-element_type=\"widget\" data-widget_type=\"heading.default\">\n\t\t\t\t\t<h2 class=\"elementor-heading-title elementor-size-default\">M\u0142odzi go\u015bcie i pupile<\/h2>\t\t\t\t<\/div>\n\t\t\t\t<div class=\"elementor-element elementor-element-43a2209 elementor-widget__width-initial elementor-widget elementor-widget-text-editor\" data-id=\"43a2209\" data-element_type=\"widget\" data-widget_type=\"text-editor.default\">\n\t\t\t\t\t\t\t\t\t<p><strong>Dzieci:<\/strong> Rodziny s\u0105 u nas zawsze mile widziane, cho\u0107 wieczory bywaj\u0105 bardziej gwarne, wi\u0119c najm\u0142odsi mog\u0105 czu\u0107 si\u0119 mniej komfortowo. Nie mamy krzese\u0142ek dla dzieci ani przewijak\u00f3w, wi\u0119c prosimy o uwzgl\u0119dnienie tego przy planowaniu wizyty.<\/p><p><strong>Zwierzaki:<\/strong> Jeste\u015bmy przyja\u017ani czworonogom. Prosimy o wcze\u015bniejsze poinformowanie nas, je\u015bli planujecie przyj\u015b\u0107 z pupilem, aby\u015bmy mogli przygotowa\u0107 odpowiedni stolik na kolacj\u0119 z czworonogim Go\u015bciem.<\/p>\t\t\t\t\t\t\t\t<\/div>\n\t\t\t\t<div class=\"elementor-element elementor-element-e8f882c elementor-widget__width-inherit elementor-widget-tablet__width-inherit elementor-widget-mobile__width-initial elementor-widget elementor-widget-heading\" data-id=\"e8f882c\" data-element_type=\"widget\" data-widget_type=\"heading.default\">\n\t\t\t\t\t<h2 class=\"elementor-heading-title elementor-size-default\">Alergeny i wymagania dietetyczne<\/h2>\t\t\t\t<\/div>\n\t\t\t\t<div class=\"elementor-element elementor-element-c7f27ed elementor-widget__width-initial elementor-widget elementor-widget-text-editor\" data-id=\"c7f27ed\" data-element_type=\"widget\" data-widget_type=\"text-editor.default\">\n\t\t\t\t\t\t\t\t\t<p>Nasze menu cz\u0119sto si\u0119 zmienia, a kuchnia jest niewielka. Z tego wzgl\u0119du, nie jeste\u015bmy w stanie w pe\u0142ni przygotowa\u0107 da\u0144 pozbawionych alergen\u00f3w. W przypadku ogranicze\u0144 dietetycznych, prosimy o poinformowanie podczas rezerwacji \u2014 postaramy si\u0119 jak najlepiej dopasowa\u0107 ofert\u0119.<\/p>\t\t\t\t\t\t\t\t<\/div>\n\t\t\t\t<div class=\"elementor-element elementor-element-eec4cf8 elementor-widget__width-inherit elementor-widget-tablet__width-inherit elementor-widget-mobile__width-initial elementor-widget elementor-widget-heading\" data-id=\"eec4cf8\" data-element_type=\"widget\" data-widget_type=\"heading.default\">\n\t\t\t\t\t<h2 class=\"elementor-heading-title elementor-size-default\">Rezerwacje grupowe<\/h2>\t\t\t\t<\/div>\n\t\t\t\t<div class=\"elementor-element elementor-element-f5722fb elementor-widget__width-initial elementor-widget elementor-widget-text-editor\" data-id=\"f5722fb\" data-element_type=\"widget\" data-widget_type=\"text-editor.default\">\n\t\t\t\t\t\t\t\t\t<p><strong>Specjalna okazja? To wspaniale. <\/strong><\/p><p>Dla grup licz\u0105cych 8 os\u00f3b i wi\u0119cej, zapyta\u0144 o prywatn\u0105 kolacj\u0119 lub wydarzenie specjalne, prosimy o kontakt na adres e-mailowy <a href=\"mailto:info@musawino.pl\"><span style=\"font-weight: 400;\"><span style=\"text-decoration: underline;\"><span style=\"color: #52000a; text-decoration: underline;\">info@musawino.pl<\/span><\/span><\/span><\/a>. Z przyjemno\u015bci\u0105 przygotujemy dla Was idealn\u0105 opraw\u0119 i niezapomnian\u0105 atmosfer\u0119.<\/p>\t\t\t\t\t\t\t\t<\/div>\n\t\t\t\t\t<\/div>\n\t\t\t\t<\/div>\n\t\t\t\t\t<\/div>\n\t\t\t\t<\/div>\n\t\t\t\t<\/div>\n\t\t","protected":false},"excerpt":{"rendered":"<p>Go\u015bcimy z trosk\u0105. Zawsze. Musa Bar to dwa przytulne wn\u0119trza i ogr\u00f3d na \u015bwie\u017cym powietrzu. Dzi\u0119ki r\u00f3\u017cnym opcjom miejsc siedz\u0105cych, znajdziemy idealny st\u00f3\u0142 na ka\u017cd\u0105 okazj\u0119. W dni weekendowe oraz dla wi\u0119kszych grup polecamy dokona\u0107 rezerwacji z wyprzedzeniem. Je\u015bli jednak wizyta ma charakter spontaniczny &#8211; nie szkodzi! Zawsze pozostawiamy kilka miejsc przy barze dla Go\u015bci [&hellip;]<\/p>\n","protected":false},"author":2,"featured_media":0,"parent":0,"menu_order":0,"comment_status":"closed","ping_status":"closed","template":"elementor_header_footer","meta":{"footnotes":""},"class_list":["post-400","page","type-page","status-publish","hentry"],"_links":{"self":[{"href":"https:\/\/musabar.pl\/pl\/wp-json\/wp\/v2\/pages\/400","targetHints":{"allow":["GET"]}}],"collection":[{"href":"https:\/\/musabar.pl\/pl\/wp-json\/wp\/v2\/pages"}],"about":[{"href":"https:\/\/musabar.pl\/pl\/wp-json\/wp\/v2\/types\/page"}],"author":[{"embeddable":true,"href":"https:\/\/musabar.pl\/pl\/wp-json\/wp\/v2\/users\/2"}],"replies":[{"embeddable":true,"href":"https:\/\/musabar.pl\/pl\/wp-json\/wp\/v2\/comments?post=400"}],"version-history":[{"count":22,"href":"https:\/\/musabar.pl\/pl\/wp-json\/wp\/v2\/pages\/400\/revisions"}],"predecessor-version":[{"id":1208,"href":"https:\/\/musabar.pl\/pl\/wp-json\/wp\/v2\/pages\/400\/revisions\/1208"}],"wp:attachment":[{"href":"https:\/\/musabar.pl\/pl\/wp-json\/wp\/v2\/media?parent=400"}],"curies":[{"name":"wp","href":"https:\/\/api.w.org\/{rel}","templated":true}]}}